{"id":6217,"date":"2020-05-26T13:31:56","date_gmt":"2020-05-26T11:31:56","guid":{"rendered":"http:\/\/habitatgesocial.org\/politica-de-privacitat\/"},"modified":"2023-04-13T16:39:34","modified_gmt":"2023-04-13T14:39:34","slug":"politica-de-privacidad","status":"publish","type":"page","link":"https:\/\/habitatgesocial.org\/es\/politica-de-privacidad\/","title":{"rendered":"Pol\u00edtica de privacidad"},"content":{"rendered":"\t\t<div data-elementor-type=\"wp-page\" data-elementor-id=\"6217\" class=\"elementor elementor-6217 elementor-3\" data-elementor-post-type=\"page\">\n\t\t\t\t\t\t<section class=\"elementor-section elementor-top-section elementor-element elementor-element-52d4cb8 elementor-section-boxed elementor-section-height-default elementor-section-height-default\" data-id=\"52d4cb8\" data-element_type=\"section\" data-e-type=\"section\">\n\t\t\t\t\t\t<div class=\"elementor-container elementor-column-gap-default\">\n\t\t\t\t\t<div class=\"elementor-column elementor-col-100 elementor-top-column elementor-element elementor-element-3f8d39a0\" data-id=\"3f8d39a0\" data-element_type=\"column\" data-e-type=\"column\">\n\t\t\t<div class=\"elementor-widget-wrap elementor-element-populated\">\n\t\t\t\t\t\t<div class=\"elementor-element elementor-element-71165e91 elementor-widget elementor-widget-text-editor\" data-id=\"71165e91\" data-element_type=\"widget\" data-e-type=\"widget\" data-widget_type=\"text-editor.default\">\n\t\t\t\t\t\t\t\t\t<h3>Pol\u00edtica de privacidad y tratamiento de la informaci\u00f3n de la Fundaci\u00f3 Foment de l&#8217;Habitatge Social<\/h3><h3><strong>1.- Derecho de informaci\u00f3n<\/strong><\/h3><p>De acuerdo con lo dispuesto en el art\u00edculo 11 de la Ley Org\u00e1nica 3\/2018, de 5 de diciembre, de Protecci\u00f3n de Datos Personales y garant\u00eda de los derechos digitales (en lo sucesivo LOPDGDD) y el art\u00edculo 13 del Reglamento General de Protecci\u00f3n de Datos 2016\/679 (RGPD) le informamos de lo siguiente:<\/p><p><strong>1.1.- Identificaci\u00f3n de <\/strong><strong>responsables:<\/strong><\/p><p>El responsable del tratamiento es Fundaci\u00f3 Foment de l\u2019Habitatge Social, con domicilio en V\u00eda Layetana n\u00ba 5, 08003 (Barcelona), NIF: G59430983, inscrita en el Registre de les Fundacions Privades de la Generalitat de Catalunya (n\u00fam. 520).<\/p><p>Direcci\u00f3n electr\u00f3nica de contacto: <a href=\"mailto:info@\">info@<\/a><\/p><p>Tel\u00e9fono: 933 027 197<\/p><p>El delegado de protecci\u00f3n de datos es CIPDI, Tratamiento de la Informaci\u00f3n SL. Puede contactar con el delegado en la direcci\u00f3n de correo electr\u00f3nico <a href=\"mailto:dpd@cipdi.com\">dpd@cipdi.com<\/a>.<\/p><p><strong>1.2.- Finalidad del tratamiento de datos y base jur\u00eddica<\/strong><\/p><p><strong>1.2.1.- Finalidad general<\/strong><\/p><p>Los datos que nos facilite en los formularios que encontrar\u00e1 en el web, los que nos env\u00ede a nuestra direcci\u00f3n de correo electr\u00f3nico y los que se puedan generar mientras mantenga relaci\u00f3n con el responsable del tratamiento se incorporar\u00e1n, tal como nos los ceda, a una base de datos titularidad del responsable del tratamiento.<\/p><p>Usaremos los datos para prestarle los servicios que nos solicite y para enviar informaci\u00f3n de nuestras actividades por correo electr\u00f3nico o postal.<\/p><p>La base jur\u00eddica de este tratamiento ser\u00e1 la relaci\u00f3n contractual que mantenga con FFHS y el consentimiento que otorga al aceptar este aviso.<\/p><p><strong>1.2.2.- Tratamiento de im\u00e1genes<\/strong><\/p><p>La Fundaci\u00f3 documenta los eventos de car\u00e1cter p\u00fablico que organiza con fotograf\u00edas y v\u00eddeos con el fin de difundirlos en su web u otros espacios de difusi\u00f3n p\u00fablica de informaci\u00f3n como el propio sitio web, las redes sociales en las que la Fundaci\u00f3 disponga de perfil, publicaciones propias y prensa. Puede obtener m\u00e1s informaci\u00f3n sobre este apartado consultando el sitio web de la Fundaci\u00f3 o contactando con el delegado de protecci\u00f3n de datos.<\/p><p>El tratamiento de estas im\u00e1genes est\u00e1 legitimado por el consentimiento de las personas afectadas o por aplicaci\u00f3n del art\u00edculo 8 de la <a href=\"https:\/\/www.boe.es\/eli\/es\/lo\/1982\/05\/05\/1\" target=\"_blank\" rel=\"noopener\">LO 1\/1982 de protecci\u00f3n del derecho al honor, la intimidad y la propia imagen.<\/a><\/p><p><strong>1.3.- Categor\u00edas de destinatarios<\/strong><\/p><p>Para dar cumplimiento a las anteriores finalidades tendr\u00e1n acceso a sus datos:<\/p><ul><li>El personal debidamente autorizado por la Fundaci\u00f3.<\/li><li>Los proveedores necesarios para dar cumplimiento a su petici\u00f3n.<\/li><li>La administraci\u00f3n p\u00fablica en el \u00e1mbito de sus competencias.<\/li><\/ul><p>Puede ampliar esta informaci\u00f3n consultando al delegado de protecci\u00f3n de datos.<\/p><p><strong>1.4.- Transferencia internacional de datos<\/strong><\/p><p>Transferencia internacional de datos<\/p><p>I.- Google (G-Suite). El responsable del tratamiento ha firmado un acuerdo con Google, ajust\u00e1ndose a la resoluci\u00f3n de la Autoridad Espa\u00f1ola de Protecci\u00f3n de Datos de 22 de junio de 2017. Para obtener m\u00e1s informaci\u00f3n sobre las pol\u00edticas de privacidad de G-Suite puede visitar este <a href=\"https:\/\/support.google.com\/a\/answer\/2888485?hl=es\" target=\"_blank\" rel=\"noopener\">enlace.<\/a><\/p><p>II.- Redes sociales anunciadas en nuestro web.<\/p><p><strong>1.5.- Plazo de conservaci\u00f3n de la informaci\u00f3n<\/strong><\/p><p>La Fundaci\u00f3 conservar\u00e1 su informaci\u00f3n mientras no revoque el consentimiento otorgado al aceptar esta cl\u00e1usula.<\/p><p><strong>1.6.- Derechos como persona afectada<\/strong><\/p><p>Tiene derecho a acceder, rectificar, suprimir, oponerse al tratamiento de sus datos, limitar el tratamiento, pedir la portabilidad de los datos, no ser sometido a decisiones individuales automatizadas y revocar el consentimiento que otorgue.<\/p><p>Para ejercer estos derechos puede dirigirse por escrito a las direcciones del responsable del tratamiento que constan en esta pol\u00edtica, o enviar un correo electr\u00f3nico a la direcci\u00f3n <a href=\"mailto:dpd@cipdi.com\" target=\"_blank\" rel=\"noopener\">dpd@cipdi.com<\/a> con el texto \u00abPROTECCI\u00d3N DE DATOS\u00bb en el asunto y adjuntando una fotocopia de su DNI, NIE o pasaporte en su mensaje, o entrar en este <a href=\"https:\/es\/formulario-para-el-ejercicio-de-derechos-de-los-datos-personales\/\" target=\"_blank\" rel=\"noopener\">enlace<\/a> y ejercer sus derechos.<\/p><p><strong>1.7.- Derecho de reclamaci\u00f3n<\/strong><\/p><p>El organismo competente para conocer de la correcta aplicaci\u00f3n de las normas sobre el tratamiento de los datos es la Autoridad Espa\u00f1ola de Protecci\u00f3n de Datos, con domicilio en la calle Jorge Juan n.\u00ba 6 de Madrid.<\/p><p><strong>1.8.- Obligaciones de la persona afectada<\/strong><\/p><p>La persona afectada tiene que aportar informaci\u00f3n veraz y actualizada en todos los procesos de recogida de datos, siendo la \u00fanica responsable de la vulneraci\u00f3n de esta obligaci\u00f3n.<\/p><p>En los formularios de recogida de datos est\u00e1n marcados los datos que es obligatorio aportar en funci\u00f3n de la solicitud que haga la persona afectada. No aportar estos datos puede suponer la imposibilidad de participar en la actividad o recibir el servicio que se pide.<\/p><p><strong>1.9.- Elaboraci\u00f3n de perfiles<\/strong><\/p><p>Para alcanzar los objetivos de la Fundaci\u00f3 y, sobre todo, para ofrecer al usuario una atenci\u00f3n m\u00e1s personalizada, esmerada y eficaz, a veces es necesario elaborar perfiles de las personas destinatarias de los servicios. En ning\u00fan caso la elaboraci\u00f3n del perfil se hace de manera exclusivamente automatizada.<\/p><h3><strong>2.- Consentimiento del usuario<\/strong><\/h3><p>Se entiende que el usuario acepta las condiciones establecidas si pulsa el bot\u00f3n \u00abACEPTAR\u00bb que se encuentra en todos los formularios de recogida de datos, o si env\u00eda un mensaje por correo electr\u00f3nico a las direcciones de contacto que figuran en el web.<\/p><p>Los datos personales se guardan en la base de datos general de administraci\u00f3n de la Fundaci\u00f3, que en todo caso garantiza las medidas t\u00e9cnicas y organizativas para preservar la integridad y seguridad de la informaci\u00f3n que trata.<\/p><h3><strong>3.- Seguridad<\/strong><\/h3><p>todos los medios t\u00e9cnicos a su alcance para evitar la p\u00e9rdida, mal uso, alteraci\u00f3n, acceso no autorizado o robo de los datos que nos facilite. El tratamiento de los datos personales se ajusta a lo dispuesto en la Ley Org\u00e1nica 3\/2018 de Protecci\u00f3n de Datos Personales y garant\u00eda de los derechos digitales y en el Reglamento (UE) 2016\/679 del Parlamento Europeo y del Consejo, de 27 de abril de 2016.<\/p><h3><strong>4.- Uso de direcciones IP<\/strong><\/h3><p>Para facilitar la b\u00fasqueda de recursos que creemos que son de su inter\u00e9s, puede encontrar en este web enlaces a otras p\u00e1ginas.<\/p><p>Esta pol\u00edtica de privacidad solo se aplica a este sitio web. La Fundaci\u00f3 no garantiza el cumplimiento de esta pol\u00edtica en otros webs, ni se hace responsable de los accesos mediante enlaces desde este sitio.<\/p>\t\t\t\t\t\t\t\t<\/div>\n\t\t\t\t\t<\/div>\n\t\t<\/div>\n\t\t\t\t\t<\/div>\n\t\t<\/section>\n\t\t\t\t<\/div>\n\t\t","protected":false},"excerpt":{"rendered":"<p>Pol\u00edtica de privacidad y tratamiento de la informaci\u00f3n de la Fundaci\u00f3 Foment de l&#8217;Habitatge Social 1.- Derecho de informaci\u00f3n De acuerdo con lo dispuesto en el art\u00edculo 11 de la Ley Org\u00e1nica 3\/2018, de 5 de diciembre, de Protecci\u00f3n de Datos Personales y garant\u00eda de los derechos digitales (en lo sucesivo LOPDGDD) y el art\u00edculo &#8230; <a title=\"Pol\u00edtica de privacidad\" class=\"read-more\" href=\"https:\/\/habitatgesocial.org\/es\/politica-de-privacidad\/\" aria-label=\"Read more about Pol\u00edtica de privacidad\">Read more<\/a><\/p>\n","protected":false},"author":5,"featured_media":4964,"parent":0,"menu_order":0,"comment_status":"closed","ping_status":"closed","template":"","meta":{"footnotes":""},"class_list":["post-6217","page","type-page","status-publish","has-post-thumbnail"],"_links":{"self":[{"href":"https:\/\/habitatgesocial.org\/es\/wp-json\/wp\/v2\/pages\/6217","targetHints":{"allow":["GET"]}}],"collection":[{"href":"https:\/\/habitatgesocial.org\/es\/wp-json\/wp\/v2\/pages"}],"about":[{"href":"https:\/\/habitatgesocial.org\/es\/wp-json\/wp\/v2\/types\/page"}],"author":[{"embeddable":true,"href":"https:\/\/habitatgesocial.org\/es\/wp-json\/wp\/v2\/users\/5"}],"replies":[{"embeddable":true,"href":"https:\/\/habitatgesocial.org\/es\/wp-json\/wp\/v2\/comments?post=6217"}],"version-history":[{"count":0,"href":"https:\/\/habitatgesocial.org\/es\/wp-json\/wp\/v2\/pages\/6217\/revisions"}],"wp:featuredmedia":[{"embeddable":true,"href":"https:\/\/habitatgesocial.org\/es\/wp-json\/wp\/v2\/media\/4964"}],"wp:attachment":[{"href":"https:\/\/habitatgesocial.org\/es\/wp-json\/wp\/v2\/media?parent=6217"}],"curies":[{"name":"wp","href":"https:\/\/api.w.org\/{rel}","templated":true}]}}