{"id":6181,"date":"2020-06-25T12:43:36","date_gmt":"2020-06-25T10:43:36","guid":{"rendered":"http:\/\/habitatgesocial.org\/politica-de-cookies\/"},"modified":"2022-09-14T22:23:33","modified_gmt":"2022-09-14T20:23:33","slug":"politica-de-cookies","status":"publish","type":"page","link":"https:\/\/habitatgesocial.org\/es\/politica-de-cookies\/","title":{"rendered":"Pol\u00edtica de cookies"},"content":{"rendered":"\t\t<div data-elementor-type=\"wp-page\" data-elementor-id=\"6181\" class=\"elementor elementor-6181 elementor-173\" data-elementor-post-type=\"page\">\n\t\t\t\t\t\t<section class=\"elementor-section elementor-top-section elementor-element elementor-element-66da40dd elementor-section-boxed elementor-section-height-default elementor-section-height-default\" data-id=\"66da40dd\" data-element_type=\"section\" data-e-type=\"section\">\n\t\t\t\t\t\t<div class=\"elementor-container elementor-column-gap-default\">\n\t\t\t\t\t<div class=\"elementor-column elementor-col-100 elementor-top-column elementor-element elementor-element-627ec1ce\" data-id=\"627ec1ce\" data-element_type=\"column\" data-e-type=\"column\">\n\t\t\t<div class=\"elementor-widget-wrap elementor-element-populated\">\n\t\t\t\t\t\t<div class=\"elementor-element elementor-element-29188678 elementor-widget elementor-widget-text-editor\" data-id=\"29188678\" data-element_type=\"widget\" data-e-type=\"widget\" data-widget_type=\"text-editor.default\">\n\t\t\t\t\t\t\t\t\tEsta pol\u00edtica de cookies se elabora en cumplimiento de las obligaciones previstas en el art\u00edculo 22.2 de la Ley 34\/2002, de 11 de julio, de servicios de la sociedad de la informaci\u00f3n y de comercio electr\u00f3nico (en lo sucesivo, LSSI), en relaci\u00f3n con el Reglamento General de Protecci\u00f3n de Datos (RGPD) y la Ley Org\u00e1nica 3\/2018, de 5 de diciembre, de Protecci\u00f3n de Datos Personales y garant\u00eda de los derechos digitales (LOPDGDD), con motivo de la revisi\u00f3n del Comit\u00e9 Europeo de Protecci\u00f3n de Datos (CEPD) en mayo de 2020 de las Directrices 5\/2020 sobre el consentimiento.\n<h3><strong> Definici\u00f3n i funci\u00f3n de las cookies<\/strong><\/h3>\nUna <em>cookie<\/em> es cualquier tipo de dispositivo de almacenamiento y recuperaci\u00f3n de datos que se utilice en el equipo terminal de un usuario con el fin de almacenar informaci\u00f3n y recuperar la informaci\u00f3n ya almacenada.\n\nPara el uso de este web se utilizan <em>cookies<\/em>. Las <em>cookies<\/em> que se puedan utilizar se asocian \u00fanicamente con el navegador de un ordenador o dispositivo determinado (un usuario an\u00f3nimo), y no proporcionan por s\u00ed mismas ning\u00fan dato personal del usuario. Se pueden utilizar los siguientes tipos de <em>cookies<\/em>, agrupadas por su finalidad:\n<ul>\n \t<li><span style=\"text-decoration: underline;\"><strong>Cookies t\u00e9cnicas<\/strong><\/span>: permiten al usuario navegar a trav\u00e9s del sitio web y usar las diferentes opciones o servicios que figuran en este; por ejemplo, controlar el tr\u00e1fico y la comunicaci\u00f3n de datos, identificar la sesi\u00f3n, acceder a partes de acceso restringido, recordar los elementos que integran un pedido, realizar el proceso de compra de un pedido, realizar la solicitud de inscripci\u00f3n o participaci\u00f3n en un evento, utilizar elementos de seguridad durante la navegaci\u00f3n o almacenar, difundir y\/o compartir contenidos. Estas <em>cookies<\/em> son <strong>necesarias<\/strong> para el funcionamiento del servicio ofrecido.<\/li>\n \t<li><span style=\"text-decoration: underline;\"><strong>Cookies de preferencias o personalizaci\u00f3n<\/strong><\/span>: permiten recordar informaci\u00f3n para que el usuario acceda al servicio con determinadas caracter\u00edsticas que pueden diferenciar su experiencia de la de otros usuarios; por ejemplo, el idioma, el n\u00famero de resultados a mostrar cuando el usuario realiza una b\u00fasqueda, el aspecto o contenido del servicio en funci\u00f3n del tipo de navegador a trav\u00e9s del cual el usuario accede al servicio o de la regi\u00f3n desde la cual se accede al servicio, etc.<\/li>\n<\/ul>\nSi es el propio usuario quien elige estas caracter\u00edsticas, las <em>cookies<\/em> de preferencias no se incluir\u00e1n en las obligaciones del art\u00edculo 22.2 de la LSSI por considerarse un servicio expresamente solicitado por el usuario, y esto siempre que las <em>cookies<\/em> obedezcan exclusivamente a la finalidad seleccionada.\n<ul>\n \t<li><span style=\"text-decoration: underline;\"><strong>Cookies de an\u00e1lisis o medici\u00f3n<\/strong><\/span>: permiten cuantificar el n\u00famero de usuarios y as\u00ed realizar la medici\u00f3n y an\u00e1lisis estad\u00edstico del uso y actividad que hacen los usuarios de nuestro sitio web, as\u00ed como elaborar perfiles de navegaci\u00f3n de los usuarios en estas p\u00e1ginas y en nuestras aplicaciones, todo esto con el fin de introducir mejoras.<\/li>\n \t<li><strong><span style=\"text-decoration: underline;\">Cookies de publicidad comportamental<\/span><\/strong>: almacenan informaci\u00f3n del comportamiento de los usuarios obtenida a trav\u00e9s de la observaci\u00f3n continuada de sus h\u00e1bitos de navegaci\u00f3n. De esta manera, se puede desarrollar un perfil espec\u00edfico para mostrar publicidad en funci\u00f3n del mismo.<\/li>\n<\/ul>\nLas <em>cookies<\/em> <strong>propias<\/strong> son aquellas creadas o gestionadas por el responsable del sitio web. Las <em>cookies<\/em> <strong>de terceros<\/strong> son aquellas administradas por prestadores de servicios t\u00e9cnicos, de an\u00e1lisis, redes sociales, personalizaci\u00f3n y publicidad (incluida publicidad comportamental) ajenos al responsable del sitio web.\n\n<h3><strong>Configurar<\/strong><\/h3>\t\t\t\t\t\t\t\t<\/div>\n\t\t\t\t\t<\/div>\n\t\t<\/div>\n\t\t\t\t\t<\/div>\n\t\t<\/section>\n\t\t\t\t<section class=\"elementor-section elementor-top-section elementor-element elementor-element-70f721d elementor-section-boxed elementor-section-height-default elementor-section-height-default\" data-id=\"70f721d\" data-element_type=\"section\" data-e-type=\"section\">\n\t\t\t\t\t\t<div class=\"elementor-container elementor-column-gap-default\">\n\t\t\t\t\t<div class=\"elementor-column elementor-col-100 elementor-top-column elementor-element elementor-element-16ec55c\" data-id=\"16ec55c\" data-element_type=\"column\" data-e-type=\"column\">\n\t\t\t<div class=\"elementor-widget-wrap elementor-element-populated\">\n\t\t\t\t\t\t<div class=\"elementor-element elementor-element-1ea3db1 elementor-align-center elementor-widget elementor-widget-button\" data-id=\"1ea3db1\" data-element_type=\"widget\" data-e-type=\"widget\" data-widget_type=\"button.default\">\n\t\t\t\t\t\t\t\t\t\t<a class=\"elementor-button elementor-button-link elementor-size-xs\" href=\"\/#gdpr_cookie_modal\">\n\t\t\t\t\t\t<span class=\"elementor-button-content-wrapper\">\n\t\t\t\t\t\t\t\t\t<span class=\"elementor-button-text\">Configuraci\u00f3n de cookies<\/span>\n\t\t\t\t\t<\/span>\n\t\t\t\t\t<\/a>\n\t\t\t\t\t\t\t\t<\/div>\n\t\t\t\t\t<\/div>\n\t\t<\/div>\n\t\t\t\t\t<\/div>\n\t\t<\/section>\n\t\t\t\t<section class=\"elementor-section elementor-top-section elementor-element elementor-element-f231eb6 elementor-section-boxed elementor-section-height-default elementor-section-height-default\" data-id=\"f231eb6\" data-element_type=\"section\" data-e-type=\"section\">\n\t\t\t\t\t\t<div class=\"elementor-container elementor-column-gap-default\">\n\t\t\t\t\t<div class=\"elementor-column elementor-col-100 elementor-top-column elementor-element elementor-element-98e0f0d\" data-id=\"98e0f0d\" data-element_type=\"column\" data-e-type=\"column\">\n\t\t\t<div class=\"elementor-widget-wrap elementor-element-populated\">\n\t\t\t\t\t\t<div class=\"elementor-element elementor-element-25bafc9 elementor-widget elementor-widget-text-editor\" data-id=\"25bafc9\" data-element_type=\"widget\" data-e-type=\"widget\" data-widget_type=\"text-editor.default\">\n\t\t\t\t\t\t\t\t\tEsta p\u00e1gina web contiene enlaces a p\u00e1ginas web de terceros, cuyas pol\u00edticas de privacidad son ajenas al titular de este web. Al acceder a estas p\u00e1ginas web usted puede decidir si acepta sus pol\u00edticas de privacidad y de <em>cookies<\/em>.\n<h3><strong>Desactivar o eliminar cookies<\/strong><\/h3>\nEl usuario tambi\u00e9n tiene la posibilidad de configurar su navegador para recibir un aviso en pantalla de la recepci\u00f3n de <em>cookies<\/em> y evitar su instalaci\u00f3n en su disco duro. Todos los navegadores permiten introducir cambios para desactivar la configuraci\u00f3n de las <em>cookies<\/em>. Estos ajustes se encuentran ubicados en las \u00abopciones\u00bb o \u00abpreferencias\u00bb del men\u00fa de su navegador. A continuaci\u00f3n, encontrar\u00e1 los enlaces de cada navegador para desactivar las <em>cookies<\/em> siguiendo las instrucciones:\n<ul>\n \t<li><strong>Explorer:<\/strong> <a href=\"https:\/\/support.microsoft.com\/es-es\/help\/17442\/windows-internet-explorer-delete-manage-cookies\" target=\"_blank\" rel=\"noopener\">https:\/\/support.microsoft.com\/es-es\/help\/17442\/windows-internet-explorer-delete-manage-cookies<\/a><\/li>\n \t<li><strong>Firefox:<\/strong> <a href=\"http:\/\/goo.gl\/F5pHX\" target=\"_blank\" rel=\"noopener\">http:\/\/goo.gl\/F5pHX<\/a><\/li>\n \t<li><strong>Chrome: <\/strong><a href=\"http:\/\/support.google.com\/chrome\/bin\/answer.py?hl=es&amp;answer=95647\" target=\"_blank\" rel=\"noopener\">http:\/\/support.google.com\/chrome\/bin\/answer.py?hl=es&amp;answer=95647<\/a><\/li>\n \t<li><strong>Google: <\/strong><a href=\"https:\/\/tools.google.com\/dlpage\/gaoptout?hl=es\" target=\"_blank\" rel=\"noopener\">https:\/\/tools.google.com\/dlpage\/gaoptout?hl=es<\/a><\/li>\n \t<li><strong>Safari:<\/strong> <a href=\"http:\/\/support.apple.com\/kb\/ph5042\" target=\"_blank\" rel=\"noopener\">http:\/\/support.apple.com\/kb\/ph5042<\/a><\/li>\n \t<li><strong>Opera:<\/strong> <a href=\"http:\/\/www.opera.com\/help\/tutorials\/security\/privacy\/\" target=\"_blank\" rel=\"noopener\">http:\/\/www.opera.com\/help\/tutorials\/security\/privacy\/<\/a><\/li>\n<\/ul>\nLe informamos, sin embargo, que existe la posibilidad de que la desactivaci\u00f3n de alguna <em>cookie<\/em> impida o dificulte la navegaci\u00f3n o la prestaci\u00f3n de los servicios ofrecidos en este web.\n<h3><strong>Transferencias internacionales<\/strong><\/h3>\nEl responsable del sitio web no realiza transferencias internacionales de las <em>cookies<\/em> propias.\n<h3><strong>Decisiones automatizadas<\/strong><\/h3>\nEstas <em>cookies<\/em> no se utilizan para elaborar perfiles que impliquen tomas de decisiones automatizadas que puedan comportar efectos jur\u00eddicos para el usuario.\n<h3><strong>Periodo de conservaci\u00f3n<\/strong><\/h3>\nLos datos personales obtenidos a partir del uso de las cookies se conservar\u00e1n durante el plazo indicado en la columna descriptiva \u00abDuraci\u00f3n\u00bb y, una vez finalizado este plazo, durante los plazos de prescripci\u00f3n legales aplicables seg\u00fan las diferentes finalidades. Transcurrido el plazo de prescripci\u00f3n, se suprimir\u00e1n sus datos.\n<h3><strong>M\u00e1s informaci\u00f3n<\/strong><\/h3>\nPara m\u00e1s informaci\u00f3n sobre el tratamiento de sus datos puede consultar nuestra <a href=\"https:\/es\/politica-de-privacidad\/\" target=\"_blank\" rel=\"noopener\">Pol\u00edtica de privacidad<\/a>.\n\nSi tuviera alguna duda, comentario o sugerencia sobre la Pol\u00edtica de Cookies, puede dirigirse por escrito a la direcci\u00f3n de correo electr\u00f3nico <a href=\"mailto:omunicacio@\" target=\"_blank\" rel=\"noopener\">comunicacio@<\/a>.\t\t\t\t\t\t\t\t<\/div>\n\t\t\t\t\t<\/div>\n\t\t<\/div>\n\t\t\t\t\t<\/div>\n\t\t<\/section>\n\t\t\t\t<\/div>\n\t\t","protected":false},"excerpt":{"rendered":"<p>Esta pol\u00edtica de cookies se elabora en cumplimiento de las obligaciones previstas en el art\u00edculo 22.2 de la Ley 34\/2002, de 11 de julio, de servicios de la sociedad de la informaci\u00f3n y de comercio electr\u00f3nico (en lo sucesivo, LSSI), en relaci\u00f3n con el Reglamento General de Protecci\u00f3n de Datos (RGPD) y la Ley Org\u00e1nica &#8230; <a title=\"Pol\u00edtica de cookies\" class=\"read-more\" href=\"https:\/\/habitatgesocial.org\/es\/politica-de-cookies\/\" aria-label=\"Read more about Pol\u00edtica de cookies\">Read more<\/a><\/p>\n","protected":false},"author":5,"featured_media":4928,"parent":0,"menu_order":0,"comment_status":"closed","ping_status":"closed","template":"","meta":{"footnotes":""},"class_list":["post-6181","page","type-page","status-publish","has-post-thumbnail"],"_links":{"self":[{"href":"https:\/\/habitatgesocial.org\/es\/wp-json\/wp\/v2\/pages\/6181","targetHints":{"allow":["GET"]}}],"collection":[{"href":"https:\/\/habitatgesocial.org\/es\/wp-json\/wp\/v2\/pages"}],"about":[{"href":"https:\/\/habitatgesocial.org\/es\/wp-json\/wp\/v2\/types\/page"}],"author":[{"embeddable":true,"href":"https:\/\/habitatgesocial.org\/es\/wp-json\/wp\/v2\/users\/5"}],"replies":[{"embeddable":true,"href":"https:\/\/habitatgesocial.org\/es\/wp-json\/wp\/v2\/comments?post=6181"}],"version-history":[{"count":0,"href":"https:\/\/habitatgesocial.org\/es\/wp-json\/wp\/v2\/pages\/6181\/revisions"}],"wp:featuredmedia":[{"embeddable":true,"href":"https:\/\/habitatgesocial.org\/es\/wp-json\/wp\/v2\/media\/4928"}],"wp:attachment":[{"href":"https:\/\/habitatgesocial.org\/es\/wp-json\/wp\/v2\/media?parent=6181"}],"curies":[{"name":"wp","href":"https:\/\/api.w.org\/{rel}","templated":true}]}}