{"id":6178,"date":"2020-06-25T12:55:17","date_gmt":"2020-06-25T10:55:17","guid":{"rendered":"http:\/\/habitatgesocial.org\/equip-tecnic\/"},"modified":"2025-02-11T17:08:35","modified_gmt":"2025-02-11T16:08:35","slug":"equipo-tecnico","status":"publish","type":"page","link":"https:\/\/habitatgesocial.org\/es\/equipo-tecnico\/","title":{"rendered":"Equipo t\u00e9cnico"},"content":{"rendered":"\t\t<div data-elementor-type=\"wp-page\" data-elementor-id=\"6178\" class=\"elementor elementor-6178 elementor-190\" data-elementor-post-type=\"page\">\n\t\t\t\t\t\t<section class=\"elementor-section elementor-top-section elementor-element elementor-element-17d1aa8 elementor-section-boxed elementor-section-height-default elementor-section-height-default\" data-id=\"17d1aa8\" data-element_type=\"section\" data-e-type=\"section\">\n\t\t\t\t\t\t<div class=\"elementor-container elementor-column-gap-no\">\n\t\t\t\t\t<div class=\"elementor-column elementor-col-100 elementor-top-column elementor-element elementor-element-d8329e3\" data-id=\"d8329e3\" data-element_type=\"column\" data-e-type=\"column\">\n\t\t\t<div class=\"elementor-widget-wrap elementor-element-populated\">\n\t\t\t\t\t\t<div class=\"elementor-element elementor-element-27f7e8f elementor-widget elementor-widget-text-editor\" data-id=\"27f7e8f\" data-element_type=\"widget\" data-e-type=\"widget\" data-widget_type=\"text-editor.default\">\n\t\t\t\t\t\t\t\t\t<p>l equipo de personal asalariado y voluntario de la entidad est\u00e1 formado por profesionales con formaci\u00f3n espec\u00edfica en diferentes \u00e1mbitos. La suma del conjunto supone la fuerza que da cobertura a las necesidades que integran nuestro trabajo diario.<\/p>\t\t\t\t\t\t\t\t<\/div>\n\t\t\t\t\t<\/div>\n\t\t<\/div>\n\t\t\t\t\t<\/div>\n\t\t<\/section>\n\t\t\t\t<section class=\"elementor-section elementor-top-section elementor-element elementor-element-080a7ee elementor-section-boxed elementor-section-height-default elementor-section-height-default\" data-id=\"080a7ee\" data-element_type=\"section\" data-e-type=\"section\">\n\t\t\t\t\t\t<div class=\"elementor-container elementor-column-gap-default\">\n\t\t\t\t\t<div class=\"elementor-column elementor-col-100 elementor-top-column elementor-element elementor-element-96531e8\" data-id=\"96531e8\" data-element_type=\"column\" data-e-type=\"column\">\n\t\t\t<div class=\"elementor-widget-wrap elementor-element-populated\">\n\t\t\t\t\t\t<div class=\"elementor-element elementor-element-ce5e82a elementor-widget elementor-widget-text-editor\" data-id=\"ce5e82a\" data-element_type=\"widget\" data-e-type=\"widget\" data-widget_type=\"text-editor.default\">\n\t\t\t\t\t\t\t\t\t<p>La Fundaci\u00f3n se divide en cuatro \u00e1reas de trabajo:<\/p>\t\t\t\t\t\t\t\t<\/div>\n\t\t\t\t\t<\/div>\n\t\t<\/div>\n\t\t\t\t\t<\/div>\n\t\t<\/section>\n\t\t\t\t<section class=\"elementor-section elementor-top-section elementor-element elementor-element-e1a5517 elementor-section-boxed elementor-section-height-default elementor-section-height-default\" data-id=\"e1a5517\" data-element_type=\"section\" data-e-type=\"section\">\n\t\t\t\t\t\t<div class=\"elementor-container elementor-column-gap-default\">\n\t\t\t\t\t<div class=\"elementor-column elementor-col-100 elementor-top-column elementor-element elementor-element-bf85e72\" data-id=\"bf85e72\" data-element_type=\"column\" data-e-type=\"column\">\n\t\t\t<div class=\"elementor-widget-wrap elementor-element-populated\">\n\t\t\t\t\t\t<section class=\"elementor-section elementor-inner-section elementor-element elementor-element-3768fcd elementor-section-boxed elementor-section-height-default elementor-section-height-default\" data-id=\"3768fcd\" data-element_type=\"section\" data-e-type=\"section\">\n\t\t\t\t\t\t<div class=\"elementor-container elementor-column-gap-default\">\n\t\t\t\t\t<div class=\"elementor-column elementor-col-50 elementor-inner-column elementor-element elementor-element-e63aa4d\" data-id=\"e63aa4d\" data-element_type=\"column\" data-e-type=\"column\" data-settings=\"{&quot;background_background&quot;:&quot;classic&quot;}\">\n\t\t\t<div class=\"elementor-widget-wrap elementor-element-populated\">\n\t\t\t\t\t\t<div class=\"elementor-element elementor-element-f1089f5 elementor-widget elementor-widget-heading\" data-id=\"f1089f5\" data-element_type=\"widget\" data-e-type=\"widget\" data-widget_type=\"heading.default\">\n\t\t\t\t\t<h3 class=\"elementor-heading-title elementor-size-default\">Direcci\u00f3n<\/h3>\t\t\t\t<\/div>\n\t\t\t\t<div class=\"elementor-element elementor-element-a7107a0 elementor-widget elementor-widget-text-editor\" data-id=\"a7107a0\" data-element_type=\"widget\" data-e-type=\"widget\" data-widget_type=\"text-editor.default\">\n\t\t\t\t\t\t\t\t\t<p>La direcci\u00f3n la ostenta Sergio Rodr\u00edguez Vives. Del director de la Fundaci\u00f3n depende la responsable de comunicaci\u00f3n, prensa y captaci\u00f3n de fondos.<\/p>\t\t\t\t\t\t\t\t<\/div>\n\t\t\t\t\t<\/div>\n\t\t<\/div>\n\t\t\t\t<div class=\"elementor-column elementor-col-50 elementor-inner-column elementor-element elementor-element-3b4416b\" data-id=\"3b4416b\" data-element_type=\"column\" data-e-type=\"column\" data-settings=\"{&quot;background_background&quot;:&quot;classic&quot;}\">\n\t\t\t<div class=\"elementor-widget-wrap elementor-element-populated\">\n\t\t\t\t\t\t<div class=\"elementor-element elementor-element-3985714 elementor-widget elementor-widget-heading\" data-id=\"3985714\" data-element_type=\"widget\" data-e-type=\"widget\" data-widget_type=\"heading.default\">\n\t\t\t\t\t<h3 class=\"elementor-heading-title elementor-size-default\">Patrimonio<\/h3>\t\t\t\t<\/div>\n\t\t\t\t<div class=\"elementor-element elementor-element-90d4512 elementor-widget elementor-widget-text-editor\" data-id=\"90d4512\" data-element_type=\"widget\" data-e-type=\"widget\" data-widget_type=\"text-editor.default\">\n\t\t\t\t\t\t\t\t\t<p>El \u00e1rea de patrimonio la coordina Francisco Fern\u00e1ndez Arias, arquitecto, y en su equipo cuenta con un arquitecto responsable de obras, una t\u00e8cnica de gesti\u00f3n de viviendas, una t\u00e8cnica de administraci\u00f3n de viviendas y un responsable de seguridad y mantenimiento.\u00a0<\/p>\t\t\t\t\t\t\t\t<\/div>\n\t\t\t\t\t<\/div>\n\t\t<\/div>\n\t\t\t\t\t<\/div>\n\t\t<\/section>\n\t\t\t\t\t<\/div>\n\t\t<\/div>\n\t\t\t\t\t<\/div>\n\t\t<\/section>\n\t\t\t\t<section class=\"elementor-section elementor-top-section elementor-element elementor-element-dcfe556 elementor-section-boxed elementor-section-height-default elementor-section-height-default\" data-id=\"dcfe556\" data-element_type=\"section\" data-e-type=\"section\">\n\t\t\t\t\t\t<div class=\"elementor-container elementor-column-gap-default\">\n\t\t\t\t\t<div class=\"elementor-column elementor-col-100 elementor-top-column elementor-element elementor-element-3249dce\" data-id=\"3249dce\" data-element_type=\"column\" data-e-type=\"column\">\n\t\t\t<div class=\"elementor-widget-wrap elementor-element-populated\">\n\t\t\t\t\t\t<section class=\"elementor-section elementor-inner-section elementor-element elementor-element-e4881c1 elementor-section-boxed elementor-section-height-default elementor-section-height-default\" data-id=\"e4881c1\" data-element_type=\"section\" data-e-type=\"section\">\n\t\t\t\t\t\t<div class=\"elementor-container elementor-column-gap-default\">\n\t\t\t\t\t<div class=\"elementor-column elementor-col-50 elementor-inner-column elementor-element elementor-element-c15c3e2\" data-id=\"c15c3e2\" data-element_type=\"column\" data-e-type=\"column\" data-settings=\"{&quot;background_background&quot;:&quot;classic&quot;}\">\n\t\t\t<div class=\"elementor-widget-wrap elementor-element-populated\">\n\t\t\t\t\t\t<div class=\"elementor-element elementor-element-369fb82 elementor-widget elementor-widget-heading\" data-id=\"369fb82\" data-element_type=\"widget\" data-e-type=\"widget\" data-widget_type=\"heading.default\">\n\t\t\t\t\t<h3 class=\"elementor-heading-title elementor-size-default\">Acci\u00f3n Social<\/h3>\t\t\t\t<\/div>\n\t\t\t\t<div class=\"elementor-element elementor-element-9dabaed elementor-widget elementor-widget-text-editor\" data-id=\"9dabaed\" data-element_type=\"widget\" data-e-type=\"widget\" data-widget_type=\"text-editor.default\">\n\t\t\t\t\t\t\t\t\t<p>El \u00e1rea social la dirige Olga Gonz\u00e1lez L\u00f3pez, educadora social y psicopedagoga, y cuenta con una coordinadora y 10 educadores y educadoras sociales.<\/p>\t\t\t\t\t\t\t\t<\/div>\n\t\t\t\t\t<\/div>\n\t\t<\/div>\n\t\t\t\t<div class=\"elementor-column elementor-col-50 elementor-inner-column elementor-element elementor-element-fb3cfea\" data-id=\"fb3cfea\" data-element_type=\"column\" data-e-type=\"column\" data-settings=\"{&quot;background_background&quot;:&quot;classic&quot;}\">\n\t\t\t<div class=\"elementor-widget-wrap elementor-element-populated\">\n\t\t\t\t\t\t<div class=\"elementor-element elementor-element-54b9926 elementor-widget elementor-widget-heading\" data-id=\"54b9926\" data-element_type=\"widget\" data-e-type=\"widget\" data-widget_type=\"heading.default\">\n\t\t\t\t\t<h3 class=\"elementor-heading-title elementor-size-default\">Administraci\u00f3n<\/h3>\t\t\t\t<\/div>\n\t\t\t\t<div class=\"elementor-element elementor-element-3aae412 elementor-widget elementor-widget-text-editor\" data-id=\"3aae412\" data-element_type=\"widget\" data-e-type=\"widget\" data-widget_type=\"text-editor.default\">\n\t\t\t\t\t\t\t\t\t<p>El \u00e1rea de administraci\u00f3n la dirige Sonia Mateo Gonz\u00e1lez, economista, y el equipo est\u00e1 formado por una t\u00e9cnica de contabilidad, una t\u00e9cnica de gesti\u00f3n de personas y comunicaci\u00f3n interna, un responsable de tecnolog\u00eda de la informaci\u00f3n y <em><span class=\"ac-designer-copy\">compliance, <\/span><\/em><span class=\"ac-designer-copy\">una t\u00e9cnica de gesti\u00f3n de proces<\/span><span class=\"ac-designer-copy\">os<\/span> y una administrativa que atiende la recepci\u00f3n i se hace cargo de la acogida de visitantes y familias.<\/p>\t\t\t\t\t\t\t\t<\/div>\n\t\t\t\t\t<\/div>\n\t\t<\/div>\n\t\t\t\t\t<\/div>\n\t\t<\/section>\n\t\t\t\t\t<\/div>\n\t\t<\/div>\n\t\t\t\t\t<\/div>\n\t\t<\/section>\n\t\t\t\t<\/div>\n\t\t","protected":false},"excerpt":{"rendered":"<p>l equipo de personal asalariado y voluntario de la entidad est\u00e1 formado por profesionales con formaci\u00f3n espec\u00edfica en diferentes \u00e1mbitos. La suma del conjunto supone la fuerza que da cobertura a las necesidades que integran nuestro trabajo diario. La Fundaci\u00f3n se divide en cuatro \u00e1reas de trabajo: Direcci\u00f3n La direcci\u00f3n la ostenta Sergio Rodr\u00edguez Vives. &#8230; <a title=\"Equipo t\u00e9cnico\" class=\"read-more\" href=\"https:\/\/habitatgesocial.org\/es\/equipo-tecnico\/\" aria-label=\"Read more about Equipo t\u00e9cnico\">Read more<\/a><\/p>\n","protected":false},"author":5,"featured_media":14334,"parent":0,"menu_order":4,"comment_status":"closed","ping_status":"closed","template":"","meta":{"footnotes":""},"class_list":["post-6178","page","type-page","status-publish","has-post-thumbnail"],"_links":{"self":[{"href":"https:\/\/habitatgesocial.org\/es\/wp-json\/wp\/v2\/pages\/6178","targetHints":{"allow":["GET"]}}],"collection":[{"href":"https:\/\/habitatgesocial.org\/es\/wp-json\/wp\/v2\/pages"}],"about":[{"href":"https:\/\/habitatgesocial.org\/es\/wp-json\/wp\/v2\/types\/page"}],"author":[{"embeddable":true,"href":"https:\/\/habitatgesocial.org\/es\/wp-json\/wp\/v2\/users\/5"}],"replies":[{"embeddable":true,"href":"https:\/\/habitatgesocial.org\/es\/wp-json\/wp\/v2\/comments?post=6178"}],"version-history":[{"count":15,"href":"https:\/\/habitatgesocial.org\/es\/wp-json\/wp\/v2\/pages\/6178\/revisions"}],"predecessor-version":[{"id":14160,"href":"https:\/\/habitatgesocial.org\/es\/wp-json\/wp\/v2\/pages\/6178\/revisions\/14160"}],"wp:featuredmedia":[{"embeddable":true,"href":"https:\/\/habitatgesocial.org\/es\/wp-json\/wp\/v2\/media\/14334"}],"wp:attachment":[{"href":"https:\/\/habitatgesocial.org\/es\/wp-json\/wp\/v2\/media?parent=6178"}],"curies":[{"name":"wp","href":"https:\/\/api.w.org\/{rel}","templated":true}]}}