{"id":6170,"date":"2020-08-12T13:11:52","date_gmt":"2020-08-12T11:11:52","guid":{"rendered":"http:\/\/habitatgesocial.org\/treballa-amb-nosaltres\/"},"modified":"2025-07-23T13:14:12","modified_gmt":"2025-07-23T11:14:12","slug":"trabaja-con-nosotros","status":"publish","type":"page","link":"https:\/\/habitatgesocial.org\/es\/trabaja-con-nosotros\/","title":{"rendered":"Trabaja con nosotros"},"content":{"rendered":"\t\t<div data-elementor-type=\"wp-page\" data-elementor-id=\"6170\" class=\"elementor elementor-6170 elementor-300\" data-elementor-post-type=\"page\">\n\t\t\t\t\t\t<section class=\"elementor-section elementor-top-section elementor-element elementor-element-c33f40e elementor-section-boxed elementor-section-height-default elementor-section-height-default\" data-id=\"c33f40e\" data-element_type=\"section\" data-e-type=\"section\">\n\t\t\t\t\t\t<div class=\"elementor-container elementor-column-gap-no\">\n\t\t\t\t\t<div class=\"elementor-column elementor-col-50 elementor-top-column elementor-element elementor-element-a7f83e3\" data-id=\"a7f83e3\" data-element_type=\"column\" data-e-type=\"column\" data-settings=\"{&quot;background_background&quot;:&quot;classic&quot;}\">\n\t\t\t<div class=\"elementor-widget-wrap elementor-element-populated\">\n\t\t\t\t\t\t<div class=\"elementor-element elementor-element-2c7046b elementor-widget elementor-widget-image\" data-id=\"2c7046b\" data-element_type=\"widget\" data-e-type=\"widget\" data-widget_type=\"image.default\">\n\t\t\t\t\t\t\t\t\t\t\t\t\t\t\t<img loading=\"lazy\" decoding=\"async\" width=\"1024\" height=\"683\" src=\"https:\/\/habitatgesocial.org\/wp-content\/uploads\/2020\/08\/43habitatge-socialmingo-venero-1024x683.jpg\" class=\"attachment-large size-large wp-image-465\" alt=\"\" srcset=\"https:\/\/habitatgesocial.org\/wp-content\/uploads\/2020\/08\/43habitatge-socialmingo-venero-1024x683.jpg 1024w, https:\/\/habitatgesocial.org\/wp-content\/uploads\/2020\/08\/43habitatge-socialmingo-venero-300x200.jpg 300w, https:\/\/habitatgesocial.org\/wp-content\/uploads\/2020\/08\/43habitatge-socialmingo-venero-768x512.jpg 768w, https:\/\/habitatgesocial.org\/wp-content\/uploads\/2020\/08\/43habitatge-socialmingo-venero-1536x1024.jpg 1536w, https:\/\/habitatgesocial.org\/wp-content\/uploads\/2020\/08\/43habitatge-socialmingo-venero-2048x1365.jpg 2048w\" sizes=\"auto, (max-width: 1024px) 100vw, 1024px\" \/>\t\t\t\t\t\t\t\t\t\t\t\t\t\t\t<\/div>\n\t\t\t\t\t<\/div>\n\t\t<\/div>\n\t\t\t\t<div class=\"elementor-column elementor-col-50 elementor-top-column elementor-element elementor-element-d88ff28\" data-id=\"d88ff28\" data-element_type=\"column\" data-e-type=\"column\">\n\t\t\t<div class=\"elementor-widget-wrap elementor-element-populated\">\n\t\t\t\t\t\t<div class=\"elementor-element elementor-element-5ea2bc8 elementor-widget elementor-widget-text-editor\" data-id=\"5ea2bc8\" data-element_type=\"widget\" data-e-type=\"widget\" data-widget_type=\"text-editor.default\">\n\t\t\t\t\t\t\t\t\t<p>La Fundaci\u00f3 Habitatge Social es una organizaci\u00f3n din\u00e1mica, activa y moderna con 34 a\u00f1os de experiencia en la gesti\u00f3n de vivienda social y en el acompa\u00f1amiento a las personas m\u00e1s desfavorecidas para la recuperaci\u00f3n de su autonom\u00eda y dignidad.<\/p><p>Nuestro equipo humano es nuestro principal activo.<\/p><p>Buscamos personas con compromiso social, valientes y con ganas de superarse y moverse en un entorno din\u00e1mico y en constante evoluci\u00f3n. Necesitamos personas con buenas habilidades comunicativas, orientadas al bienestar de las personas usuarias y al trabajo en equipo.<\/p><p>Si te interesa trabajar con nosotros, presta atenci\u00f3n a esta p\u00e1gina y siguenos en nuestras redes sociales donde compartimos las ofertas de trabajo y colaboraci\u00f3n.<\/p>\t\t\t\t\t\t\t\t<\/div>\n\t\t\t\t\t<\/div>\n\t\t<\/div>\n\t\t\t\t\t<\/div>\n\t\t<\/section>\n\t\t\t\t<section class=\"elementor-section elementor-top-section elementor-element elementor-element-8d68a9b elementor-section-boxed elementor-section-height-default elementor-section-height-default\" data-id=\"8d68a9b\" data-element_type=\"section\" data-e-type=\"section\">\n\t\t\t\t\t\t<div class=\"elementor-container elementor-column-gap-default\">\n\t\t\t\t\t<div class=\"elementor-column elementor-col-100 elementor-top-column elementor-element elementor-element-87b3fde\" data-id=\"87b3fde\" data-element_type=\"column\" data-e-type=\"column\">\n\t\t\t<div class=\"elementor-widget-wrap elementor-element-populated\">\n\t\t\t\t\t\t<div class=\"elementor-element elementor-element-189ca82 elementor-widget elementor-widget-accordion\" data-id=\"189ca82\" data-element_type=\"widget\" data-e-type=\"widget\" data-widget_type=\"accordion.default\">\n\t\t\t\t\t\t\t<div class=\"elementor-accordion\">\n\t\t\t\t\t\t\t<div class=\"elementor-accordion-item\">\n\t\t\t\t\t<div id=\"elementor-tab-title-2581\" class=\"elementor-tab-title\" data-tab=\"1\" role=\"button\" aria-controls=\"elementor-tab-content-2581\" aria-expanded=\"false\">\n\t\t\t\t\t\t\t\t\t\t\t\t\t<span class=\"elementor-accordion-icon elementor-accordion-icon-right\" aria-hidden=\"true\">\n\t\t\t\t\t\t\t\t\t\t\t\t\t\t\t<span class=\"elementor-accordion-icon-closed\"><svg class=\"e-font-icon-svg e-fas-plus\" viewBox=\"0 0 448 512\" xmlns=\"http:\/\/www.w3.org\/2000\/svg\"><path d=\"M416 208H272V64c0-17.67-14.33-32-32-32h-32c-17.67 0-32 14.33-32 32v144H32c-17.67 0-32 14.33-32 32v32c0 17.67 14.33 32 32 32h144v144c0 17.67 14.33 32 32 32h32c17.67 0 32-14.33 32-32V304h144c17.67 0 32-14.33 32-32v-32c0-17.67-14.33-32-32-32z\"><\/path><\/svg><\/span>\n\t\t\t\t\t\t\t\t<span class=\"elementor-accordion-icon-opened\"><svg class=\"e-font-icon-svg e-fas-minus\" viewBox=\"0 0 448 512\" xmlns=\"http:\/\/www.w3.org\/2000\/svg\"><path d=\"M416 208H32c-17.67 0-32 14.33-32 32v32c0 17.67 14.33 32 32 32h384c17.67 0 32-14.33 32-32v-32c0-17.67-14.33-32-32-32z\"><\/path><\/svg><\/span>\n\t\t\t\t\t\t\t\t\t\t\t\t\t\t<\/span>\n\t\t\t\t\t\t\t\t\t\t\t\t<a class=\"elementor-accordion-title\" tabindex=\"0\">En estos momentos no hay ninguna oferta<\/a>\n\t\t\t\t\t<\/div>\n\t\t\t\t\t<div id=\"elementor-tab-content-2581\" class=\"elementor-tab-content elementor-clearfix\" data-tab=\"1\" role=\"region\" aria-labelledby=\"elementor-tab-title-2581\"><\/div>\n\t\t\t\t<\/div>\n\t\t\t\t\t\t\t\t<\/div>\n\t\t\t\t\t\t<\/div>\n\t\t\t\t\t<\/div>\n\t\t<\/div>\n\t\t\t\t\t<\/div>\n\t\t<\/section>\n\t\t\t\t<\/div>\n\t\t","protected":false},"excerpt":{"rendered":"<p>La Fundaci\u00f3 Habitatge Social es una organizaci\u00f3n din\u00e1mica, activa y moderna con 34 a\u00f1os de experiencia en la gesti\u00f3n de vivienda social y en el acompa\u00f1amiento a las personas m\u00e1s desfavorecidas para la recuperaci\u00f3n de su autonom\u00eda y dignidad. Nuestro equipo humano es nuestro principal activo. Buscamos personas con compromiso social, valientes y con ganas &#8230; <a title=\"Trabaja con nosotros\" class=\"read-more\" href=\"https:\/\/habitatgesocial.org\/es\/trabaja-con-nosotros\/\" aria-label=\"Read more about Trabaja con nosotros\">Read more<\/a><\/p>\n","protected":false},"author":5,"featured_media":467,"parent":0,"menu_order":6,"comment_status":"closed","ping_status":"closed","template":"","meta":{"footnotes":""},"class_list":["post-6170","page","type-page","status-publish","has-post-thumbnail"],"_links":{"self":[{"href":"https:\/\/habitatgesocial.org\/es\/wp-json\/wp\/v2\/pages\/6170","targetHints":{"allow":["GET"]}}],"collection":[{"href":"https:\/\/habitatgesocial.org\/es\/wp-json\/wp\/v2\/pages"}],"about":[{"href":"https:\/\/habitatgesocial.org\/es\/wp-json\/wp\/v2\/types\/page"}],"author":[{"embeddable":true,"href":"https:\/\/habitatgesocial.org\/es\/wp-json\/wp\/v2\/users\/5"}],"replies":[{"embeddable":true,"href":"https:\/\/habitatgesocial.org\/es\/wp-json\/wp\/v2\/comments?post=6170"}],"version-history":[{"count":31,"href":"https:\/\/habitatgesocial.org\/es\/wp-json\/wp\/v2\/pages\/6170\/revisions"}],"predecessor-version":[{"id":15170,"href":"https:\/\/habitatgesocial.org\/es\/wp-json\/wp\/v2\/pages\/6170\/revisions\/15170"}],"wp:featuredmedia":[{"embeddable":true,"href":"https:\/\/habitatgesocial.org\/es\/wp-json\/wp\/v2\/media\/467"}],"wp:attachment":[{"href":"https:\/\/habitatgesocial.org\/es\/wp-json\/wp\/v2\/media?parent=6170"}],"curies":[{"name":"wp","href":"https:\/\/api.w.org\/{rel}","templated":true}]}}