{"id":6159,"date":"2021-03-01T15:12:33","date_gmt":"2021-03-01T14:12:33","guid":{"rendered":"http:\/\/habitatgesocial.org\/habitatge-digne\/"},"modified":"2025-02-04T15:59:16","modified_gmt":"2025-02-04T14:59:16","slug":"vivienda-digna-primero","status":"publish","type":"page","link":"https:\/\/habitatgesocial.org\/es\/vivienda-digna-primero\/","title":{"rendered":"Vivienda digna primero"},"content":{"rendered":"\t\t<div data-elementor-type=\"wp-page\" data-elementor-id=\"6159\" class=\"elementor elementor-6159 elementor-1877\" data-elementor-post-type=\"page\">\n\t\t\t\t\t\t<section class=\"elementor-section elementor-top-section elementor-element elementor-element-c1feac3 elementor-section-stretched elementor-section-boxed elementor-section-height-default elementor-section-height-default\" data-id=\"c1feac3\" data-element_type=\"section\" data-e-type=\"section\" data-settings=\"{&quot;background_background&quot;:&quot;classic&quot;,&quot;stretch_section&quot;:&quot;section-stretched&quot;,&quot;animation&quot;:&quot;none&quot;}\">\n\t\t\t\t\t\t<div class=\"elementor-container elementor-column-gap-default\">\n\t\t\t\t\t<div class=\"elementor-column elementor-col-50 elementor-top-column elementor-element elementor-element-360f7b7 elementor-invisible\" data-id=\"360f7b7\" data-element_type=\"column\" data-e-type=\"column\" data-settings=\"{&quot;animation&quot;:&quot;slideInLeft&quot;}\">\n\t\t\t<div class=\"elementor-widget-wrap elementor-element-populated\">\n\t\t\t\t\t\t<div class=\"elementor-element elementor-element-1547614 elementor-widget-divider--view-line elementor-widget elementor-widget-divider\" data-id=\"1547614\" data-element_type=\"widget\" data-e-type=\"widget\" data-widget_type=\"divider.default\">\n\t\t\t\t\t\t\t<div class=\"elementor-divider\">\n\t\t\t<span class=\"elementor-divider-separator\">\n\t\t\t\t\t\t<\/span>\n\t\t<\/div>\n\t\t\t\t\t\t<\/div>\n\t\t\t\t<div class=\"elementor-element elementor-element-6ca3b73 elementor-widget elementor-widget-heading\" data-id=\"6ca3b73\" data-element_type=\"widget\" data-e-type=\"widget\" data-widget_type=\"heading.default\">\n\t\t\t\t\t<h2 class=\"elementor-heading-title elementor-size-default\">Vivienda digna, ante todo<\/h2>\t\t\t\t<\/div>\n\t\t\t\t<div class=\"elementor-element elementor-element-348b98d elementor-widget-divider--view-line elementor-widget elementor-widget-divider\" data-id=\"348b98d\" data-element_type=\"widget\" data-e-type=\"widget\" data-widget_type=\"divider.default\">\n\t\t\t\t\t\t\t<div class=\"elementor-divider\">\n\t\t\t<span class=\"elementor-divider-separator\">\n\t\t\t\t\t\t<\/span>\n\t\t<\/div>\n\t\t\t\t\t\t<\/div>\n\t\t\t\t<div class=\"elementor-element elementor-element-f5924f2 elementor-widget elementor-widget-text-editor\" data-id=\"f5924f2\" data-element_type=\"widget\" data-e-type=\"widget\" data-widget_type=\"text-editor.default\">\n\t\t\t\t\t\t\t\t\t<p>Ya hace casi 30 a\u00f1os que la organizaci\u00f3n norteamericana <a href=\"https:\/\/www.pathwayshousingfirst.org\/\" target=\"_blank\" rel=\"noopener\">Pathways to Housing<\/a> sent\u00f3 las bases del Housing First. Desde entonces, se ha demostrado con creces que, cuando las personas y familias en situaci\u00f3n de exclusi\u00f3n acceden a una vivienda digna, las posibilidades de mejora de su situaci\u00f3n aumentan considerablemente.<\/p><p>En la Fundaci\u00f3n, abordamos la situaci\u00f3n de pobreza residencial desde dos vertientes: el hogar y las personas. Por ello, disponer de un amplio parque de viviendas ha sido siempre una prioridad para nosotros, cosa que se ha visto reforzada debido a la situaci\u00f3n econ\u00f3mica y social actual.<\/p>\t\t\t\t\t\t\t\t<\/div>\n\t\t\t\t\t<\/div>\n\t\t<\/div>\n\t\t\t\t<div class=\"elementor-column elementor-col-50 elementor-top-column elementor-element elementor-element-2855f92 elementor-invisible\" data-id=\"2855f92\" data-element_type=\"column\" data-e-type=\"column\" data-settings=\"{&quot;animation&quot;:&quot;slideInRight&quot;}\">\n\t\t\t<div class=\"elementor-widget-wrap elementor-element-populated\">\n\t\t\t\t\t\t<div class=\"elementor-element elementor-element-b0dbf1d elementor-widget elementor-widget-video\" data-id=\"b0dbf1d\" data-element_type=\"widget\" data-e-type=\"widget\" data-settings=\"{&quot;youtube_url&quot;:&quot;https:\\\/\\\/youtu.be\\\/lP-gFJdtg0Y&quot;,&quot;video_type&quot;:&quot;youtube&quot;,&quot;controls&quot;:&quot;yes&quot;}\" data-widget_type=\"video.default\">\n\t\t\t\t\t\t\t<div class=\"elementor-wrapper elementor-open-inline\">\n\t\t\t<div class=\"elementor-video\"><\/div>\t\t<\/div>\n\t\t\t\t\t\t<\/div>\n\t\t\t\t\t<\/div>\n\t\t<\/div>\n\t\t\t\t\t<\/div>\n\t\t<\/section>\n\t\t\t\t<section class=\"elementor-section elementor-top-section elementor-element elementor-element-40da0f9 elementor-section-boxed elementor-section-height-default elementor-section-height-default\" data-id=\"40da0f9\" data-element_type=\"section\" data-e-type=\"section\" data-settings=\"{&quot;background_background&quot;:&quot;classic&quot;,&quot;animation&quot;:&quot;none&quot;}\">\n\t\t\t\t\t\t<div class=\"elementor-container elementor-column-gap-no\">\n\t\t\t\t\t<div class=\"elementor-column elementor-col-50 elementor-top-column elementor-element elementor-element-f168b0c\" data-id=\"f168b0c\" data-element_type=\"column\" data-e-type=\"column\">\n\t\t\t<div class=\"elementor-widget-wrap elementor-element-populated\">\n\t\t\t\t\t\t<div class=\"elementor-element elementor-element-256e1c9 elementor-widget-divider--view-line elementor-widget elementor-widget-divider\" data-id=\"256e1c9\" data-element_type=\"widget\" data-e-type=\"widget\" data-widget_type=\"divider.default\">\n\t\t\t\t\t\t\t<div class=\"elementor-divider\">\n\t\t\t<span class=\"elementor-divider-separator\">\n\t\t\t\t\t\t<\/span>\n\t\t<\/div>\n\t\t\t\t\t\t<\/div>\n\t\t\t\t<div class=\"elementor-element elementor-element-8fe3ce7 elementor-widget elementor-widget-heading\" data-id=\"8fe3ce7\" data-element_type=\"widget\" data-e-type=\"widget\" data-widget_type=\"heading.default\">\n\t\t\t\t\t<h2 class=\"elementor-heading-title elementor-size-default\">Nuestro parque de viviendas<\/h2>\t\t\t\t<\/div>\n\t\t\t\t<div class=\"elementor-element elementor-element-d1388f5 elementor-widget-divider--view-line elementor-widget elementor-widget-divider\" data-id=\"d1388f5\" data-element_type=\"widget\" data-e-type=\"widget\" data-widget_type=\"divider.default\">\n\t\t\t\t\t\t\t<div class=\"elementor-divider\">\n\t\t\t<span class=\"elementor-divider-separator\">\n\t\t\t\t\t\t<\/span>\n\t\t<\/div>\n\t\t\t\t\t\t<\/div>\n\t\t\t\t<div class=\"elementor-element elementor-element-cfed6ec elementor-widget elementor-widget-text-editor\" data-id=\"cfed6ec\" data-element_type=\"widget\" data-e-type=\"widget\" data-widget_type=\"text-editor.default\">\n\t\t\t\t\t\t\t\t\t<p>Actualmente, la Fundaci\u00f3n gestiona 460 viviendas ubicadas en Barcelona y en 32 ciudades de su entorno m\u00e1s cercano: l\u2019Hospitalet de Llobregat, Badalona, Santa Coloma de Gramenet, Cornell\u00e0, Sabadell, Vilanova i la Geltr\u00fa\u2026 Algunas de las viviendas se han cedido gratuitamente o con un alquiler muy bajo a la Fundaci\u00f3n y otras son propiedad de la misma.<\/p><p>Mediante el convenio de colaboraci\u00f3n con C\u00e1ritas Diocesana de Barcelona, Terrassa y Sant Feliu, la Fundaci\u00f3n ofrece viviendas a las familias atendidas por las tres entidades. Son estas entidades las que derivan a las familias que acceden a las viviendas de la Fundaci\u00f3n.<\/p>\t\t\t\t\t\t\t\t<\/div>\n\t\t\t\t\t<\/div>\n\t\t<\/div>\n\t\t\t\t<div class=\"elementor-column elementor-col-50 elementor-top-column elementor-element elementor-element-5457efe elementor-hidden-mobile\" data-id=\"5457efe\" data-element_type=\"column\" data-e-type=\"column\" data-settings=\"{&quot;background_background&quot;:&quot;classic&quot;}\">\n\t\t\t<div class=\"elementor-widget-wrap\">\n\t\t\t\t\t\t\t<\/div>\n\t\t<\/div>\n\t\t\t\t\t<\/div>\n\t\t<\/section>\n\t\t\t\t<section class=\"elementor-section elementor-top-section elementor-element elementor-element-f0ddc8a elementor-section-boxed elementor-section-height-default elementor-section-height-default\" data-id=\"f0ddc8a\" data-element_type=\"section\" data-e-type=\"section\" data-settings=\"{&quot;background_background&quot;:&quot;classic&quot;,&quot;animation&quot;:&quot;none&quot;}\">\n\t\t\t\t\t\t<div class=\"elementor-container elementor-column-gap-no\">\n\t\t\t\t\t<div class=\"elementor-column elementor-col-50 elementor-top-column elementor-element elementor-element-aea408d\" data-id=\"aea408d\" data-element_type=\"column\" data-e-type=\"column\" data-settings=\"{&quot;background_background&quot;:&quot;classic&quot;}\">\n\t\t\t<div class=\"elementor-widget-wrap elementor-element-populated\">\n\t\t\t\t\t\t\t<\/div>\n\t\t<\/div>\n\t\t\t\t<div class=\"elementor-column elementor-col-50 elementor-top-column elementor-element elementor-element-f3d4203\" data-id=\"f3d4203\" data-element_type=\"column\" data-e-type=\"column\">\n\t\t\t<div class=\"elementor-widget-wrap elementor-element-populated\">\n\t\t\t\t\t\t<div class=\"elementor-element elementor-element-69a823b elementor-widget elementor-widget-text-editor\" data-id=\"69a823b\" data-element_type=\"widget\" data-e-type=\"widget\" data-widget_type=\"text-editor.default\">\n\t\t\t\t\t\t\t\t\t<p>La funci\u00f3n de estas viviendas va mucho m\u00e1s all\u00e1 de dar cobijo. La vivienda social debe ser una vivienda digna que cumpla con par\u00e1metros de comodidad y habitabilidad razonables que permitan mejorar la vida de las personas.<\/p><p>El equipo del \u00e1rea de patrimonio se encarga en todo momento del mantenimiento del parque de viviendas, as\u00ed como de los arreglos y obras necesarios, que, siempre que sea posible, se contratan a empresas o entidades de inserci\u00f3n social.<\/p><p>Por otro lado, los retos de los Objetivos de Desarrollo Sostenible de las Naciones Unidas aprobados por la Asamblea de las Naciones Unidas en septiembre de 2015 est\u00e1n permeabilizando nuestras acciones. El objetivo principal, el ODS 11 (Ciudades y comunidades sostenibles), dice que antes del 2030 debe asegurarse el acceso de todas las personas a viviendas y a servicios b\u00e1sicos adecuados, seguros y asequibles, y que deben mejorarse los barrios marginales.<\/p><p>En el marco del ODS 1 (Fin de la pobreza), el ODS 3 (Salud y bienestar) y el ODS 7 (Energ\u00eda asequible), en los \u00faltimos a\u00f1os hemos iniciado la sensorizaci\u00f3n de nuestras viviendas y la mejora de su eficiencia energ\u00e9tica.<\/p><p>Estos no deben ser los \u00faltimos pasos alrededor de los 17 ODS y de la lucha contra la pobreza energ\u00e9tica, que tan \u00edntimamente est\u00e1 ligada a la calidad de vida y a la salud de las personas.<\/p>\t\t\t\t\t\t\t\t<\/div>\n\t\t\t\t\t<\/div>\n\t\t<\/div>\n\t\t\t\t\t<\/div>\n\t\t<\/section>\n\t\t\t\t<section class=\"elementor-section elementor-top-section elementor-element elementor-element-9328bb7 elementor-section-boxed elementor-section-height-default elementor-section-height-default\" data-id=\"9328bb7\" data-element_type=\"section\" data-e-type=\"section\">\n\t\t\t\t\t\t<div class=\"elementor-container elementor-column-gap-no\">\n\t\t\t\t\t<div class=\"elementor-column elementor-col-100 elementor-top-column elementor-element elementor-element-e901ce0\" data-id=\"e901ce0\" data-element_type=\"column\" data-e-type=\"column\">\n\t\t\t<div class=\"elementor-widget-wrap elementor-element-populated\">\n\t\t\t\t\t\t<section class=\"elementor-section elementor-inner-section elementor-element elementor-element-91fb91d elementor-section-boxed elementor-section-height-default elementor-section-height-default\" data-id=\"91fb91d\" data-element_type=\"section\" data-e-type=\"section\">\n\t\t\t\t\t\t<div class=\"elementor-container elementor-column-gap-default\">\n\t\t\t\t\t<div class=\"elementor-column elementor-col-25 elementor-inner-column elementor-element elementor-element-25e2c8b\" data-id=\"25e2c8b\" data-element_type=\"column\" data-e-type=\"column\" data-settings=\"{&quot;background_background&quot;:&quot;classic&quot;}\">\n\t\t\t<div class=\"elementor-widget-wrap elementor-element-populated\">\n\t\t\t\t\t\t<div class=\"elementor-element elementor-element-df023fe elementor-blockquote--skin-border elementor-widget elementor-widget-blockquote\" data-id=\"df023fe\" data-element_type=\"widget\" data-e-type=\"widget\" data-widget_type=\"blockquote.default\">\n\t\t\t\t\t\t\t<blockquote class=\"elementor-blockquote\">\n\t\t\t<p class=\"elementor-blockquote__content\">\n\t\t\t\tEl  <strong>25% de la poblaci\u00f3n vive en riesgo de pobreza <\/strong> o exclusi\u00f3n en Catalunya.\n<br><em style=\"font-size: 0.7em\">Datos @ECAS #INSOCAT24<\/em>\t\t\t<\/p>\n\t\t\t\t\t<\/blockquote>\n\t\t\t\t\t\t<\/div>\n\t\t\t\t\t<\/div>\n\t\t<\/div>\n\t\t\t\t<div class=\"elementor-column elementor-col-25 elementor-inner-column elementor-element elementor-element-e74aca3\" data-id=\"e74aca3\" data-element_type=\"column\" data-e-type=\"column\" data-settings=\"{&quot;background_background&quot;:&quot;classic&quot;}\">\n\t\t\t<div class=\"elementor-widget-wrap elementor-element-populated\">\n\t\t\t\t\t\t<div class=\"elementor-element elementor-element-22fa184 elementor-blockquote--skin-border elementor-widget elementor-widget-blockquote\" data-id=\"22fa184\" data-element_type=\"widget\" data-e-type=\"widget\" data-widget_type=\"blockquote.default\">\n\t\t\t\t\t\t\t<blockquote class=\"elementor-blockquote\">\n\t\t\t<p class=\"elementor-blockquote__content\">\n\t\t\t\tEl <strong>40 % de los hogares<\/strong> catalanes deben hacer un <strong>sobreesfuerzo econ\u00f3mico para pagar el alquiler.<\/strong><br><em style=\"font-size: 0.7em\">Datos @Cohabitac<\/em>\t\t\t<\/p>\n\t\t\t\t\t<\/blockquote>\n\t\t\t\t\t\t<\/div>\n\t\t\t\t\t<\/div>\n\t\t<\/div>\n\t\t\t\t<div class=\"elementor-column elementor-col-25 elementor-inner-column elementor-element elementor-element-342cec3\" data-id=\"342cec3\" data-element_type=\"column\" data-e-type=\"column\" data-settings=\"{&quot;background_background&quot;:&quot;classic&quot;}\">\n\t\t\t<div class=\"elementor-widget-wrap elementor-element-populated\">\n\t\t\t\t\t\t<div class=\"elementor-element elementor-element-111073d elementor-blockquote--skin-border elementor-widget elementor-widget-blockquote\" data-id=\"111073d\" data-element_type=\"widget\" data-e-type=\"widget\" data-widget_type=\"blockquote.default\">\n\t\t\t\t\t\t\t<blockquote class=\"elementor-blockquote\">\n\t\t\t<p class=\"elementor-blockquote__content\">\n\t\t\t\tLas viviendas de <strong>alquiler social<\/strong> de Catalu\u00f1a representan el <strong>1,5 %<\/strong> del total de viviendas, <strong>muy por debajo de la media europea<\/strong>, que es del 15 %.<br><em style=\"font-size: 0.7em\">Datos @Cohabitac<\/em>\t\t\t<\/p>\n\t\t\t\t\t<\/blockquote>\n\t\t\t\t\t\t<\/div>\n\t\t\t\t\t<\/div>\n\t\t<\/div>\n\t\t\t\t<div class=\"elementor-column elementor-col-25 elementor-inner-column elementor-element elementor-element-4d71186\" data-id=\"4d71186\" data-element_type=\"column\" data-e-type=\"column\" data-settings=\"{&quot;background_background&quot;:&quot;classic&quot;}\">\n\t\t\t<div class=\"elementor-widget-wrap elementor-element-populated\">\n\t\t\t\t\t\t<div class=\"elementor-element elementor-element-d9c8bf1 elementor-blockquote--skin-border elementor-widget elementor-widget-blockquote\" data-id=\"d9c8bf1\" data-element_type=\"widget\" data-e-type=\"widget\" data-widget_type=\"blockquote.default\">\n\t\t\t\t\t\t\t<blockquote class=\"elementor-blockquote\">\n\t\t\t<p class=\"elementor-blockquote__content\">\n\t\t\t\tActualmente la Fundaci\u00f3n <strong>dispone de 458 viviendas <\/strong>que sirven para acompa\u00f1ar personas en situaci\u00f3n de exclusi\u00f3n residencial.<br><em style=\"font-size: 0.7em\">#Datos 2023<\/em>\t\t\t<\/p>\n\t\t\t\t\t<\/blockquote>\n\t\t\t\t\t\t<\/div>\n\t\t\t\t\t<\/div>\n\t\t<\/div>\n\t\t\t\t\t<\/div>\n\t\t<\/section>\n\t\t\t\t\t<\/div>\n\t\t<\/div>\n\t\t\t\t\t<\/div>\n\t\t<\/section>\n\t\t\t\t<\/div>\n\t\t","protected":false},"excerpt":{"rendered":"<p>Vivienda digna, ante todo Ya hace casi 30 a\u00f1os que la organizaci\u00f3n norteamericana Pathways to Housing sent\u00f3 las bases del Housing First. Desde entonces, se ha demostrado con creces que, cuando las personas y familias en situaci\u00f3n de exclusi\u00f3n acceden a una vivienda digna, las posibilidades de mejora de su situaci\u00f3n aumentan considerablemente. En la &#8230; <a title=\"Vivienda digna primero\" class=\"read-more\" href=\"https:\/\/habitatgesocial.org\/es\/vivienda-digna-primero\/\" aria-label=\"Read more about Vivienda digna primero\">Read more<\/a><\/p>\n","protected":false},"author":5,"featured_media":4292,"parent":0,"menu_order":0,"comment_status":"closed","ping_status":"closed","template":"elementor_header_footer","meta":{"footnotes":""},"class_list":["post-6159","page","type-page","status-publish","has-post-thumbnail"],"_links":{"self":[{"href":"https:\/\/habitatgesocial.org\/es\/wp-json\/wp\/v2\/pages\/6159","targetHints":{"allow":["GET"]}}],"collection":[{"href":"https:\/\/habitatgesocial.org\/es\/wp-json\/wp\/v2\/pages"}],"about":[{"href":"https:\/\/habitatgesocial.org\/es\/wp-json\/wp\/v2\/types\/page"}],"author":[{"embeddable":true,"href":"https:\/\/habitatgesocial.org\/es\/wp-json\/wp\/v2\/users\/5"}],"replies":[{"embeddable":true,"href":"https:\/\/habitatgesocial.org\/es\/wp-json\/wp\/v2\/comments?post=6159"}],"version-history":[{"count":5,"href":"https:\/\/habitatgesocial.org\/es\/wp-json\/wp\/v2\/pages\/6159\/revisions"}],"predecessor-version":[{"id":14076,"href":"https:\/\/habitatgesocial.org\/es\/wp-json\/wp\/v2\/pages\/6159\/revisions\/14076"}],"wp:featuredmedia":[{"embeddable":true,"href":"https:\/\/habitatgesocial.org\/es\/wp-json\/wp\/v2\/media\/4292"}],"wp:attachment":[{"href":"https:\/\/habitatgesocial.org\/es\/wp-json\/wp\/v2\/media?parent=6159"}],"curies":[{"name":"wp","href":"https:\/\/api.w.org\/{rel}","templated":true}]}}