{"id":6145,"date":"2021-12-01T11:10:06","date_gmt":"2021-12-01T10:10:06","guid":{"rendered":"http:\/\/habitatgesocial.org\/politica-condicions-donacions\/"},"modified":"2025-03-10T16:43:06","modified_gmt":"2025-03-10T15:43:06","slug":"politica-y-condiciones-de-las-donaciones","status":"publish","type":"page","link":"https:\/\/habitatgesocial.org\/es\/politica-y-condiciones-de-las-donaciones\/","title":{"rendered":"Pol\u00edtica y condiciones de las donaciones"},"content":{"rendered":"\t\t<div data-elementor-type=\"wp-page\" data-elementor-id=\"6145\" class=\"elementor elementor-6145 elementor-5537\" data-elementor-post-type=\"page\">\n\t\t\t\t\t\t<section class=\"elementor-section elementor-top-section elementor-element elementor-element-52d4cb8 elementor-section-boxed elementor-section-height-default elementor-section-height-default\" data-id=\"52d4cb8\" data-element_type=\"section\" data-e-type=\"section\">\n\t\t\t\t\t\t<div class=\"elementor-container elementor-column-gap-default\">\n\t\t\t\t\t<div class=\"elementor-column elementor-col-100 elementor-top-column elementor-element elementor-element-3f8d39a0\" data-id=\"3f8d39a0\" data-element_type=\"column\" data-e-type=\"column\">\n\t\t\t<div class=\"elementor-widget-wrap elementor-element-populated\">\n\t\t\t\t\t\t<div class=\"elementor-element elementor-element-71165e91 elementor-widget elementor-widget-text-editor\" data-id=\"71165e91\" data-element_type=\"widget\" data-e-type=\"widget\" data-widget_type=\"text-editor.default\">\n\t\t\t\t\t\t\t\t\t<p>Si usted es una persona f\u00edsica y hace una donaci\u00f3n puntual o peri\u00f3dica a la Fundaci\u00f3n puede aplicar una deducci\u00f3n en la declaraci\u00f3n de la renta.<\/p><p>Si es una persona jur\u00eddica y hace una donaci\u00f3n puntual o peri\u00f3dica a la Fundaci\u00f3n puede aplicar una deducci\u00f3n en el impuesto de sociedades.<\/p><p>Si se convierte en socio o donante, le enviaremos un certificado de donaci\u00f3n con las cantidades totales aportadas durante el ejercicio anterior para que lo pueda incorporar a su declaraci\u00f3n de la renta.<\/p><p>Las deducciones est\u00e1n reguladas por la Ley 49\/2002, de 23 de diciembre, de r\u00e9gimen fiscal de las entidades sin fines lucrativos y de los incentivos fiscales al mecenazgo y reformadas por el Real Drecreto 6\/2023.<\/p><h3><span class=\"fontstyle0\">Deducciones a personas f\u00edsicas<\/span><\/h3><ul><li>Podr\u00e1 deducir el 80 % de todos los donativos hechos hasta un m\u00e1ximo de 250 \u20ac.<\/li><li>Podr\u00e1 deducir el 40 % del importe de su donativo que exceda los primeros 250 \u20ac.<\/li><li>Si, adem\u00e1s, es el tercer a\u00f1o en que colabora con una cantidad igual o superior a 250 \u20ac podr\u00e1 deducir el 45 %.<\/li><\/ul><h3>Desgravaciones a personas jur\u00eddicas<\/h3><ul><li>Como empresa podr\u00e1 deducir del impuesto de sociedades el 40 % de la aportaci\u00f3n que haya hecho.<\/li><li>Si su contribuci\u00f3n como empresa ha sido constante en los tres \u00faltimos ejercicios (con un importe igual o superior al del \u00faltimo ejercicio), podr\u00e1 deducir del impuesto de sociedades el 50 % de la aportaci\u00f3n que haya hecho a nuestra entidad.<\/li><\/ul><h3>Bens mobles i immobles<\/h3><p>Tambi\u00e9n estar\u00e1 sujeta a desgravaci\u00f3n la cesi\u00f3n en uso de bienes muebles e immuebles, por un tiempo determinado, realizadas sin contraprestaci\u00f3n.<\/p><h3>Cancelar donaci\u00f3n peri\u00f3dica<\/h3><p><span class=\"fontstyle0\">Puede cancelar su donaci\u00f3n peri\u00f3dica dirigi\u00e9ndose a la Fundaci\u00f3n al tel\u00e9fono de contacto 933 027 197 o a la direcci\u00f3n electr\u00f3nica de contacto: <\/span><a href=\"mailto:info@habitatgesocial.org\" target=\"_blank\" rel=\"noopener\"><span class=\"fontstyle0\">info@habitatgesocial.org<\/span><\/a><\/p>\t\t\t\t\t\t\t\t<\/div>\n\t\t\t\t\t<\/div>\n\t\t<\/div>\n\t\t\t\t\t<\/div>\n\t\t<\/section>\n\t\t\t\t<\/div>\n\t\t","protected":false},"excerpt":{"rendered":"<p>Si usted es una persona f\u00edsica y hace una donaci\u00f3n puntual o peri\u00f3dica a la Fundaci\u00f3n puede aplicar una deducci\u00f3n en la declaraci\u00f3n de la renta. Si es una persona jur\u00eddica y hace una donaci\u00f3n puntual o peri\u00f3dica a la Fundaci\u00f3n puede aplicar una deducci\u00f3n en el impuesto de sociedades. Si se convierte en socio &#8230; <a title=\"Pol\u00edtica y condiciones de las donaciones\" class=\"read-more\" href=\"https:\/\/habitatgesocial.org\/es\/politica-y-condiciones-de-las-donaciones\/\" aria-label=\"Read more about Pol\u00edtica y condiciones de las donaciones\">Read more<\/a><\/p>\n","protected":false},"author":2,"featured_media":5539,"parent":0,"menu_order":0,"comment_status":"closed","ping_status":"closed","template":"","meta":{"footnotes":""},"class_list":["post-6145","page","type-page","status-publish","has-post-thumbnail"],"_links":{"self":[{"href":"https:\/\/habitatgesocial.org\/es\/wp-json\/wp\/v2\/pages\/6145","targetHints":{"allow":["GET"]}}],"collection":[{"href":"https:\/\/habitatgesocial.org\/es\/wp-json\/wp\/v2\/pages"}],"about":[{"href":"https:\/\/habitatgesocial.org\/es\/wp-json\/wp\/v2\/types\/page"}],"author":[{"embeddable":true,"href":"https:\/\/habitatgesocial.org\/es\/wp-json\/wp\/v2\/users\/2"}],"replies":[{"embeddable":true,"href":"https:\/\/habitatgesocial.org\/es\/wp-json\/wp\/v2\/comments?post=6145"}],"version-history":[{"count":6,"href":"https:\/\/habitatgesocial.org\/es\/wp-json\/wp\/v2\/pages\/6145\/revisions"}],"predecessor-version":[{"id":14320,"href":"https:\/\/habitatgesocial.org\/es\/wp-json\/wp\/v2\/pages\/6145\/revisions\/14320"}],"wp:featuredmedia":[{"embeddable":true,"href":"https:\/\/habitatgesocial.org\/es\/wp-json\/wp\/v2\/media\/5539"}],"wp:attachment":[{"href":"https:\/\/habitatgesocial.org\/es\/wp-json\/wp\/v2\/media?parent=6145"}],"curies":[{"name":"wp","href":"https:\/\/api.w.org\/{rel}","templated":true}]}}