{"id":6138,"date":"2021-11-12T11:53:02","date_gmt":"2021-11-12T10:53:02","guid":{"rendered":"http:\/\/habitatgesocial.org\/avis-legal\/"},"modified":"2022-03-22T12:14:19","modified_gmt":"2022-03-22T11:14:19","slug":"aviso-legal","status":"publish","type":"page","link":"https:\/\/habitatgesocial.org\/es\/aviso-legal\/","title":{"rendered":"Aviso legal"},"content":{"rendered":"\t\t<div data-elementor-type=\"wp-page\" data-elementor-id=\"6138\" class=\"elementor elementor-6138 elementor-4975\" data-elementor-post-type=\"page\">\n\t\t\t\t\t\t<section class=\"elementor-section elementor-top-section elementor-element elementor-element-52d4cb8 elementor-section-boxed elementor-section-height-default elementor-section-height-default\" data-id=\"52d4cb8\" data-element_type=\"section\" data-e-type=\"section\">\n\t\t\t\t\t\t<div class=\"elementor-container elementor-column-gap-default\">\n\t\t\t\t\t<div class=\"elementor-column elementor-col-100 elementor-top-column elementor-element elementor-element-3f8d39a0\" data-id=\"3f8d39a0\" data-element_type=\"column\" data-e-type=\"column\">\n\t\t\t<div class=\"elementor-widget-wrap elementor-element-populated\">\n\t\t\t\t\t\t<div class=\"elementor-element elementor-element-71165e91 elementor-widget elementor-widget-text-editor\" data-id=\"71165e91\" data-element_type=\"widget\" data-e-type=\"widget\" data-widget_type=\"text-editor.default\">\n\t\t\t\t\t\t\t\t\t<p><strong>Identificaci\u00f3n del titular del dominio<\/strong><\/p><p>De acuerdo con lo dispuesto en el art\u00edculo 10 de la Ley 34\/2002, de 11 de julio, de servicios de la sociedad de la informaci\u00f3n y de comercio electr\u00f3nico, le informamos que:<\/p><p>El titular del web es Fundaci\u00f3 Foment de l\u2019Habitatge Social, con domicilio en Via Laietana numero 5, 08003 (Barcelona), NIF: G59430983, inscrita en el Registro de Fundaciones Privadas de la Generalitat de Catalu\u00f1a (n\u00fam. 520).<\/p><p>Correo electr\u00f3nico de contacto: <a href=\"mailto:info@\" target=\"_blank\" rel=\"noopener\">info@<\/a><br \/>Tel\u00e9fono: 933 027 197<\/p><p><strong>Normas del portal<\/strong><\/p><p>Quien acceda y use este sitio web ser\u00e1 considerado usuario. El usuario, por el mero hecho de serlo, acepta todas las condiciones de uso.<\/p><p><strong>Gen\u00e9ricas<\/strong><\/p><p>Est\u00e1 prohibido publicar en este web, en nuestros blogs y en las dem\u00e1s herramientas de participaci\u00f3n, contenidos que atenten contra los siguientes principios:<\/p><ol><li>La salvaguardia del orden p\u00fablico, la investigaci\u00f3n penal, la seguridad p\u00fablica y la defensa nacional.<\/li><li>La protecci\u00f3n de la salud p\u00fablica o de las personas f\u00edsicas que tengan la condici\u00f3n de consumidores o usuarios.<\/li><li>El respeto a la dignidad de la persona y al principio de no discriminaci\u00f3n por motivos de raza, sexo, opini\u00f3n, nacionalidad, discapacidad o cualquier otra circunstancia personal o social.<\/li><li>La protecci\u00f3n de la juventud y de la infancia.<\/li><li>El respeto a la autonom\u00eda de la voluntad de la persona afectada.<\/li><li>El respeto a la propiedad intelectual de lo publicado.<\/li><li>En general, el respeto a la legalidad vigente.<\/li><\/ol><p><strong>Particulares<\/strong><\/p><p>El usuario asume la responsabilidad del uso del portal. Esta responsabilidad se extiende al registro que fuera necesario para acceder a determinados servicios o contenidos. El usuario ser\u00e1 responsable de aportar informaci\u00f3n veraz y l\u00edcita en el proceso de registro.<\/p><p>El usuario se compromete a hacer un uso adecuado de los contenidos y servicios que la Fundaci\u00f3 ofrece a trav\u00e9s de sus sitios web y herramientas de participaci\u00f3n; con car\u00e1cter enunciativo, pero no limitativo, tambi\u00e9n se compromete a no usarlos para:<\/p><ul><li>Provocar da\u00f1os a los sistemas f\u00edsicos y l\u00f3gicos del responsable del tratamiento, sus proveedores o terceras personas, introducir o difundir en la red virus inform\u00e1ticos o cualquier otro sistema f\u00edsico o l\u00f3gico que pueda provocar da\u00f1os.<\/li><li>Intentar acceder y, en su caso, utilizar las cuentas de correo electr\u00f3nico de otros usuarios y modificar o manipular sus mensajes.<\/li><\/ul><p>La Fundaci\u00f3 se reserva el derecho de retirar todos los comentarios y aportaciones que vulneren el respeto a la dignidad de la persona, que sean discriminatorios, xen\u00f3fobos, racistas, pornogr\u00e1ficos o atenten contra las personas, especialmente, contra los intereses de la juventud o de la infancia, el orden o la seguridad p\u00fablica o que no resultaran adecuados para su publicaci\u00f3n a criterio de la direcci\u00f3n del centro.<br \/>En cualquier caso, la Fundaci\u00f3 no es responsable de las opiniones manifestadas por los usuarios a trav\u00e9s de los foros, chats, u otras herramientas de participaci\u00f3n.<\/p><p><strong>Propiedad intelectual e industrial<\/strong><\/p><p>La Fundaci\u00f3 es titular de todos los derechos de propiedad intelectual e industrial de sus p\u00e1ginas web y de todo su contenido. Por consiguiente, toda reproducci\u00f3n, distribuci\u00f3n y comunicaci\u00f3n p\u00fablica total o parcial de su contenido queda expresamente prohibida sin la autorizaci\u00f3n expresa de la direcci\u00f3n del centro.<\/p><p><strong>Responsabilidad<\/strong><\/p><p>La Fundaci\u00f3 no se hace responsable de los da\u00f1os y perjuicios que puedan derivarse de interferencias o aver\u00edas telef\u00f3nicas, desconexiones en el sistema electr\u00f3nico, presencia de virus inform\u00e1ticos, programas maliciosos o cualquier otro factor ajeno a su control.<\/p><p>La Fundaci\u00f3 se reserva el ejercicio de las acciones legales que correspondan contra quienes vulneren estas condiciones.<\/p><p><strong>Modificaciones de las presentes condiciones y vigencia<\/strong><\/p><p>La Fundaci\u00f3 puede modificar estas condiciones en cualquier momento, sin previo aviso, publicando sus modificaciones tal como aparecen.<\/p><p>Legislaci\u00f3n aplicable y jurisdicci\u00f3n<\/p><p>La relaci\u00f3n entre la Fundaci\u00f3 y el usuario se regir\u00e1 por la normativa espa\u00f1ola vigente y cualquier controversia se someter\u00e1 a los juzgados y tribunales que corresponda en la ciudad de Barcelona.<\/p>\t\t\t\t\t\t\t\t<\/div>\n\t\t\t\t\t<\/div>\n\t\t<\/div>\n\t\t\t\t\t<\/div>\n\t\t<\/section>\n\t\t\t\t<\/div>\n\t\t","protected":false},"excerpt":{"rendered":"<p>Identificaci\u00f3n del titular del dominio De acuerdo con lo dispuesto en el art\u00edculo 10 de la Ley 34\/2002, de 11 de julio, de servicios de la sociedad de la informaci\u00f3n y de comercio electr\u00f3nico, le informamos que: El titular del web es Fundaci\u00f3 Foment de l\u2019Habitatge Social, con domicilio en Via Laietana numero 5, 08003 &#8230; <a title=\"Aviso legal\" class=\"read-more\" href=\"https:\/\/habitatgesocial.org\/es\/aviso-legal\/\" aria-label=\"Read more about Aviso legal\">Read more<\/a><\/p>\n","protected":false},"author":2,"featured_media":4978,"parent":0,"menu_order":0,"comment_status":"closed","ping_status":"closed","template":"","meta":{"footnotes":""},"class_list":["post-6138","page","type-page","status-publish","has-post-thumbnail"],"_links":{"self":[{"href":"https:\/\/habitatgesocial.org\/es\/wp-json\/wp\/v2\/pages\/6138","targetHints":{"allow":["GET"]}}],"collection":[{"href":"https:\/\/habitatgesocial.org\/es\/wp-json\/wp\/v2\/pages"}],"about":[{"href":"https:\/\/habitatgesocial.org\/es\/wp-json\/wp\/v2\/types\/page"}],"author":[{"embeddable":true,"href":"https:\/\/habitatgesocial.org\/es\/wp-json\/wp\/v2\/users\/2"}],"replies":[{"embeddable":true,"href":"https:\/\/habitatgesocial.org\/es\/wp-json\/wp\/v2\/comments?post=6138"}],"version-history":[{"count":0,"href":"https:\/\/habitatgesocial.org\/es\/wp-json\/wp\/v2\/pages\/6138\/revisions"}],"wp:featuredmedia":[{"embeddable":true,"href":"https:\/\/habitatgesocial.org\/es\/wp-json\/wp\/v2\/media\/4978"}],"wp:attachment":[{"href":"https:\/\/habitatgesocial.org\/es\/wp-json\/wp\/v2\/media?parent=6138"}],"curies":[{"name":"wp","href":"https:\/\/api.w.org\/{rel}","templated":true}]}}